{"id":87,"date":"2014-09-19T12:26:49","date_gmt":"2014-09-19T12:26:49","guid":{"rendered":"http:\/\/erb-recht-lexikon.eu\/?page_id=87"},"modified":"2014-10-02T09:54:39","modified_gmt":"2014-10-02T09:54:39","slug":"erbrechtsberatung","status":"publish","type":"page","link":"http:\/\/erb-recht-lexikon.eu\/?page_id=87","title":{"rendered":"Erbrechtsberatung"},"content":{"rendered":"<div class=\"shariff\" data-title=\"Erbrechtsberatung\" data-info-url=\"http:\/\/ct.de\/-2467514\" data-backend-url=\"http:\/\/erb-recht-lexikon.eu\/wp-content\/plugins\/shariff-sharing\/backend\/index.php\" data-temp=\"\/tmp\" data-ttl=\"60\" data-service=\"gftr\" data-services='[\"googleplus\",\"facebook\",\"twitter\",\"reddit\",\"info\"]' data-image=\"\" data-url=\"http:\/\/erb-recht-lexikon.eu\/?page_id=87\" data-lang=\"de\" data-theme=\"colored\" data-orientation=\"horizontal\"><\/div><h1><strong>K\u00f6nnen wir Ihnen helfen?<\/strong><\/h1>\n<ul>\n<li>Ben\u00f6tigen Sie Hilfe bei der Erstellung Ihres Testaments?<\/li>\n<li>Gibt es Streit zwischen Ihnen und den anderen Erben im Rahmen einer Nachlassauseinandersetzung?<\/li>\n<li>Wurden Sie enterbt und m\u00fcssen nun Ihren Pflichtteil geltend machen?<\/li>\n<li>Oder ben\u00f6tigen Sie einfach einen Erbschein?<\/li>\n<\/ul>\n<p>Sprechen Sie uns an! Wir freuen uns, wenn wir Ihnen weiterhelfen k\u00f6nnen.<\/p>\n<p>&nbsp;<\/p>\n<p>F\u00fcr eine unverbindliche erste Anfrage k\u00f6nnen Sie uns gerne eine E-Mail schicken oder anrufen!<\/p>\n<p><strong>E-Mail: beratung@erb-recht-lexikon.de<\/strong><\/p>\n<p><strong>Telefon: 06434 60 69<\/strong><\/p>\n<div role=\"form\" class=\"wpcf7\" id=\"wpcf7-f85-o1\" lang=\"de-DE\" dir=\"ltr\">\n<div class=\"screen-reader-response\"><p role=\"status\" aria-live=\"polite\" aria-atomic=\"true\"><\/p> <ul><\/ul><\/div>\n<form action=\"\/index.php?rest_route=%2Fwp%2Fv2%2Fpages%2F87#wpcf7-f85-o1\" method=\"post\" class=\"wpcf7-form init\" novalidate=\"novalidate\" data-status=\"init\">\n<div style=\"display: none;\">\n<input type=\"hidden\" name=\"_wpcf7\" value=\"85\" \/>\n<input type=\"hidden\" name=\"_wpcf7_version\" value=\"5.4\" \/>\n<input type=\"hidden\" name=\"_wpcf7_locale\" value=\"de_DE\" \/>\n<input type=\"hidden\" name=\"_wpcf7_unit_tag\" value=\"wpcf7-f85-o1\" \/>\n<input type=\"hidden\" name=\"_wpcf7_container_post\" value=\"0\" \/>\n<input type=\"hidden\" name=\"_wpcf7_posted_data_hash\" value=\"\" \/>\n<\/div>\n<p>Ihr Name (Pflichtfeld)<br \/>\n    <span class=\"wpcf7-form-control-wrap your-name\"><input type=\"text\" name=\"your-name\" value=\"\" size=\"40\" class=\"wpcf7-form-control wpcf7-text wpcf7-validates-as-required\" aria-required=\"true\" aria-invalid=\"false\" \/><\/span> <\/p>\n<p>Ihre E-Mail-Adresse (Pflichtfeld)<br \/>\n    <span class=\"wpcf7-form-control-wrap your-email\"><input type=\"email\" name=\"your-email\" value=\"\" size=\"40\" class=\"wpcf7-form-control wpcf7-text wpcf7-email wpcf7-validates-as-required wpcf7-validates-as-email\" aria-required=\"true\" aria-invalid=\"false\" \/><\/span> <\/p>\n<p>Betreff<br \/>\n    <span class=\"wpcf7-form-control-wrap your-subject\"><input type=\"text\" name=\"your-subject\" value=\"\" size=\"40\" class=\"wpcf7-form-control wpcf7-text\" aria-invalid=\"false\" \/><\/span> <\/p>\n<p>Ihre Nachricht<br \/>\n    <span class=\"wpcf7-form-control-wrap your-message\"><textarea name=\"your-message\" cols=\"40\" rows=\"10\" class=\"wpcf7-form-control wpcf7-textarea\" aria-invalid=\"false\"><\/textarea><\/span> <\/p>\n<p><input type=\"submit\" value=\"Senden\" class=\"wpcf7-form-control wpcf7-submit\" \/><\/p>\n<div class=\"wpcf7-response-output\" aria-hidden=\"true\"><\/div><\/form><\/div>\n","protected":false},"excerpt":{"rendered":"<p>K\u00f6nnen wir Ihnen helfen? Ben\u00f6tigen Sie Hilfe bei der Erstellung Ihres Testaments? Gibt es Streit zwischen Ihnen und den anderen Erben im Rahmen einer Nachlassauseinandersetzung? Wurden Sie enterbt und m\u00fcssen nun Ihren Pflichtteil geltend machen? Oder ben\u00f6tigen Sie einfach einen Erbschein? Sprechen Sie uns an! Wir freuen uns, wenn wir Ihnen weiterhelfen k\u00f6nnen. &nbsp; F\u00fcr &hellip; <a href=\"http:\/\/erb-recht-lexikon.eu\/?page_id=87\" class=\"more-link\"><span class=\"screen-reader-text\">Erbrechtsberatung<\/span> weiterlesen<\/a><\/p>\n","protected":false},"author":1,"featured_media":0,"parent":0,"menu_order":0,"comment_status":"open","ping_status":"open","template":"","meta":[],"_links":{"self":[{"href":"http:\/\/erb-recht-lexikon.eu\/index.php?rest_route=\/wp\/v2\/pages\/87"}],"collection":[{"href":"http:\/\/erb-recht-lexikon.eu\/index.php?rest_route=\/wp\/v2\/pages"}],"about":[{"href":"http:\/\/erb-recht-lexikon.eu\/index.php?rest_route=\/wp\/v2\/types\/page"}],"author":[{"embeddable":true,"href":"http:\/\/erb-recht-lexikon.eu\/index.php?rest_route=\/wp\/v2\/users\/1"}],"replies":[{"embeddable":true,"href":"http:\/\/erb-recht-lexikon.eu\/index.php?rest_route=%2Fwp%2Fv2%2Fcomments&post=87"}],"version-history":[{"count":6,"href":"http:\/\/erb-recht-lexikon.eu\/index.php?rest_route=\/wp\/v2\/pages\/87\/revisions"}],"predecessor-version":[{"id":260,"href":"http:\/\/erb-recht-lexikon.eu\/index.php?rest_route=\/wp\/v2\/pages\/87\/revisions\/260"}],"wp:attachment":[{"href":"http:\/\/erb-recht-lexikon.eu\/index.php?rest_route=%2Fwp%2Fv2%2Fmedia&parent=87"}],"curies":[{"name":"wp","href":"https:\/\/api.w.org\/{rel}","templated":true}]}}