{"id":68,"date":"2014-09-03T15:37:33","date_gmt":"2014-09-03T15:37:33","guid":{"rendered":"http:\/\/erb-recht-lexikon.eu\/?page_id=68"},"modified":"2021-04-04T13:17:08","modified_gmt":"2021-04-04T13:17:08","slug":"veranstatungenvortraege","status":"publish","type":"page","link":"http:\/\/erb-recht-lexikon.eu\/?page_id=68","title":{"rendered":"Veranstaltungen\/Vortr\u00e4ge"},"content":{"rendered":"<div class=\"shariff\" data-title=\"Veranstaltungen\/Vortr\u00e4ge\" data-info-url=\"http:\/\/ct.de\/-2467514\" data-backend-url=\"http:\/\/erb-recht-lexikon.eu\/wp-content\/plugins\/shariff-sharing\/backend\/index.php\" data-temp=\"\/tmp\" data-ttl=\"60\" data-service=\"gftr\" data-services='[\"googleplus\",\"facebook\",\"twitter\",\"reddit\",\"info\"]' data-image=\"\" data-url=\"http:\/\/erb-recht-lexikon.eu\/?page_id=68\" data-lang=\"de\" data-theme=\"colored\" data-orientation=\"horizontal\"><\/div><h2>K\u00fcnftig werden Sie auf dieser Seite \u00fcber Veranstaltungen und Vortr\u00e4ge unserer Autoren informiert.<\/h2>\n","protected":false},"excerpt":{"rendered":"<p>K\u00fcnftig werden Sie auf dieser Seite \u00fcber Veranstaltungen und Vortr\u00e4ge unserer Autoren informiert.<\/p>\n","protected":false},"author":1,"featured_media":0,"parent":2,"menu_order":0,"comment_status":"closed","ping_status":"open","template":"","meta":[],"_links":{"self":[{"href":"http:\/\/erb-recht-lexikon.eu\/index.php?rest_route=\/wp\/v2\/pages\/68"}],"collection":[{"href":"http:\/\/erb-recht-lexikon.eu\/index.php?rest_route=\/wp\/v2\/pages"}],"about":[{"href":"http:\/\/erb-recht-lexikon.eu\/index.php?rest_route=\/wp\/v2\/types\/page"}],"author":[{"embeddable":true,"href":"http:\/\/erb-recht-lexikon.eu\/index.php?rest_route=\/wp\/v2\/users\/1"}],"replies":[{"embeddable":true,"href":"http:\/\/erb-recht-lexikon.eu\/index.php?rest_route=%2Fwp%2Fv2%2Fcomments&post=68"}],"version-history":[{"count":3,"href":"http:\/\/erb-recht-lexikon.eu\/index.php?rest_route=\/wp\/v2\/pages\/68\/revisions"}],"predecessor-version":[{"id":265,"href":"http:\/\/erb-recht-lexikon.eu\/index.php?rest_route=\/wp\/v2\/pages\/68\/revisions\/265"}],"up":[{"embeddable":true,"href":"http:\/\/erb-recht-lexikon.eu\/index.php?rest_route=\/wp\/v2\/pages\/2"}],"wp:attachment":[{"href":"http:\/\/erb-recht-lexikon.eu\/index.php?rest_route=%2Fwp%2Fv2%2Fmedia&parent=68"}],"curies":[{"name":"wp","href":"https:\/\/api.w.org\/{rel}","templated":true}]}}