{"id":508,"date":"2016-06-15T10:00:25","date_gmt":"2016-06-15T10:00:25","guid":{"rendered":"http:\/\/erb-recht-lexikon.eu\/?page_id=508"},"modified":"2016-09-23T07:06:31","modified_gmt":"2016-09-23T07:06:31","slug":"j","status":"publish","type":"page","link":"http:\/\/erb-recht-lexikon.eu\/?page_id=508","title":{"rendered":"J"},"content":{"rendered":"<div class=\"shariff\" data-title=\"J\" data-info-url=\"http:\/\/ct.de\/-2467514\" data-backend-url=\"http:\/\/erb-recht-lexikon.eu\/wp-content\/plugins\/shariff-sharing\/backend\/index.php\" data-temp=\"\/tmp\" data-ttl=\"60\" data-service=\"gftr\" data-services='[\"googleplus\",\"facebook\",\"twitter\",\"reddit\",\"info\"]' data-image=\"\" data-url=\"http:\/\/erb-recht-lexikon.eu\/?page_id=508\" data-lang=\"de\" data-theme=\"colored\" data-orientation=\"horizontal\"><\/div><p><strong>Jastrowsche Klausel bis Juristische Person des \u00f6ffentlichen Rechts<br \/>\n<\/strong><\/p>\n<p><strong>Jastrowsche Klausel<\/strong>, <em>siehe: Pflichtteilsklauseln<\/em><\/p>\n<p><strong>Juristische Person<\/strong><\/p>\n<p>Ist eine Personenvereinigung oder Verm\u00f6gensmasse, die aufgrund gesetzlicher Anerkennung rechtsf\u00e4hig ist. Damit ist sie Tr\u00e4ger von Rechten und Pflichten, kann Verm\u00f6gen haben und erben. Da sie ein k\u00fcnstliches Gebilde ist, braucht sie nat\u00fcrliche Personen, die sie im Rechtsverkehr vertritt (Vorstand, Gesch\u00e4ftsf\u00fchrer), <em>vgl. auch <span style=\"text-decoration: underline;\">Juristische Person des Privatrechts<\/span> und<span style=\"text-decoration: underline;\"> Juristische Person des \u00f6ffentlichen Rechts<\/span><\/em>.<\/p>\n<p><strong>Juristische Person des Privatrechts<\/strong>; sie entsteht nach den einschl\u00e4gigen privatrechtlichen Vorschriften. Zu den juristischen Personen des Privatrechts z\u00e4hlen der eingetragene Verein (<a href=\"http:\/\/dejure.org\/gesetze\/BGB\/21.html\" title=\"&sect; 21 BGB: Nicht wirtschaftlicher Verein\">\u00a7\u00a7 21 ff. BGB<\/a>), die Gesellschaft mit beschr\u00e4nkter Haftung (GmbH-Gesetz), die Aktiengesellschaft (Aktiengesetz) und die eingetragene Genossenschaft (Genossenschaftsgesetz). Der Verein z.B. erh\u00e4lt seine Rechtsf\u00e4higkeit durch Eintragung in das Vereinsregister, die GmbH mit Eintragung in das Handelsregister. Die Grundform der juristischen Person des Privatrechts ist der Verein.<\/p>\n<p><strong>Juristische Person des \u00f6ffentlichen Rechts<\/strong>; sie erlangen in der Regel kraft Erf\u00fcllung gesetzlicher Regeln eigene Rechtspers\u00f6nlichkeit. Zu den Personen des \u00f6ffentlichen Rechts geh\u00f6ren beispielsweise die K\u00f6rperschaften des \u00f6ffentlichen Rechts (Staat, Gemeinden), dazu z\u00e4hlen auch die Anstalten (Rundfunk) und Stiftungen des \u00f6ffentlichen Rechts sowie die Kirchen (katholische und evangelische Kirchengemeinde und j\u00fcdische Kulturgemeinden <em>(vgl. Kirche)<\/em>.<\/p>\n<p>&nbsp;<\/p>\n","protected":false},"excerpt":{"rendered":"<p>Jastrowsche Klausel bis Juristische Person des \u00f6ffentlichen Rechts Jastrowsche Klausel, siehe: Pflichtteilsklauseln Juristische Person Ist eine Personenvereinigung oder Verm\u00f6gensmasse, die aufgrund gesetzlicher Anerkennung rechtsf\u00e4hig ist. Damit ist sie Tr\u00e4ger von Rechten und Pflichten, kann Verm\u00f6gen haben und erben. Da sie ein k\u00fcnstliches Gebilde ist, braucht sie nat\u00fcrliche Personen, die sie im Rechtsverkehr vertritt (Vorstand, Gesch\u00e4ftsf\u00fchrer), &hellip; <a href=\"http:\/\/erb-recht-lexikon.eu\/?page_id=508\" class=\"more-link\"><span class=\"screen-reader-text\">J<\/span> weiterlesen<\/a><\/p>\n","protected":false},"author":1,"featured_media":0,"parent":0,"menu_order":0,"comment_status":"closed","ping_status":"closed","template":"","meta":[],"_links":{"self":[{"href":"http:\/\/erb-recht-lexikon.eu\/index.php?rest_route=\/wp\/v2\/pages\/508"}],"collection":[{"href":"http:\/\/erb-recht-lexikon.eu\/index.php?rest_route=\/wp\/v2\/pages"}],"about":[{"href":"http:\/\/erb-recht-lexikon.eu\/index.php?rest_route=\/wp\/v2\/types\/page"}],"author":[{"embeddable":true,"href":"http:\/\/erb-recht-lexikon.eu\/index.php?rest_route=\/wp\/v2\/users\/1"}],"replies":[{"embeddable":true,"href":"http:\/\/erb-recht-lexikon.eu\/index.php?rest_route=%2Fwp%2Fv2%2Fcomments&post=508"}],"version-history":[{"count":5,"href":"http:\/\/erb-recht-lexikon.eu\/index.php?rest_route=\/wp\/v2\/pages\/508\/revisions"}],"predecessor-version":[{"id":743,"href":"http:\/\/erb-recht-lexikon.eu\/index.php?rest_route=\/wp\/v2\/pages\/508\/revisions\/743"}],"wp:attachment":[{"href":"http:\/\/erb-recht-lexikon.eu\/index.php?rest_route=%2Fwp%2Fv2%2Fmedia&parent=508"}],"curies":[{"name":"wp","href":"https:\/\/api.w.org\/{rel}","templated":true}]}}