{"id":38,"date":"2014-07-08T07:27:38","date_gmt":"2014-07-08T07:27:38","guid":{"rendered":"http:\/\/erb-recht-lexikon.eu\/?page_id=38"},"modified":"2021-04-04T13:18:28","modified_gmt":"2021-04-04T13:18:28","slug":"publikationen-zum-erbrecht-im-internet","status":"publish","type":"page","link":"http:\/\/erb-recht-lexikon.eu\/?page_id=38","title":{"rendered":"Publikationen zum Erbrecht im Internet"},"content":{"rendered":"<div class=\"shariff\" data-title=\"Publikationen zum Erbrecht im Internet\" data-info-url=\"http:\/\/ct.de\/-2467514\" data-backend-url=\"http:\/\/erb-recht-lexikon.eu\/wp-content\/plugins\/shariff-sharing\/backend\/index.php\" data-temp=\"\/tmp\" data-ttl=\"60\" data-service=\"gftr\" data-services='[\"googleplus\",\"facebook\",\"twitter\",\"reddit\",\"info\"]' data-image=\"\" data-url=\"http:\/\/erb-recht-lexikon.eu\/?page_id=38\" data-lang=\"de\" data-theme=\"colored\" data-orientation=\"horizontal\"><\/div><h2><strong>Sehr geehrte Damen und Herren,<\/strong><\/h2>\n<p><strong>hiermit hei\u00dfen wir Sie auf erb-recht-lexikon.de -Publikationen zum Erbrecht im Internet- herzlich willkommen! <\/strong><\/p>\n<p><strong>M\u00f6chten Sie wissen, ob ein Urlaubsanspruch vererbbar ist? Was hat Mallorca mit dem Erbe zu tun? Was ist ein Ersatzerbe oder welche Folgen hat G\u00fctertrennung im Falle der Erbschaft?&nbsp; Dann sind Sie hiertgenau richtig. Hier im Erbrechtslexikon finden Sie neben den wichtigsten Stichw\u00f6rtern zum Thema Erbrecht auch Antworten auf exotische Fragen.&nbsp;<\/strong><\/p>\n<p>Das Lexikon ist als erste Orientierungshilfe f\u00fcr Rechtssuchende in erbrechtlichen Angelegenheiten gedacht; wobei die zur Verf\u00fcgung gestellten Informationen nicht den fachlichen Rat des Rechtsanwalts, Notars oder Steuerberaters ersetzen wollen und k\u00f6nnen. Die zur Verf\u00fcgung gestellten Stichw\u00f6rter sind aus notarieller 25-j\u00e4hriger Erfahrung zusammengestellt und derzeit ein kostenloser Informationsservice des <a href=\"http:\/\/www.anwalt-rosa.com\/\">Anwaltsb\u00fcros Rosa in Bad Camberg\/Ts<\/a>. Wir bem\u00fchen uns, den Umfang des Lexikons st\u00e4ndig zu erweitern.<\/p>\n","protected":false},"excerpt":{"rendered":"<p>Sehr geehrte Damen und Herren, hiermit hei\u00dfen wir Sie auf erb-recht-lexikon.de -Publikationen zum Erbrecht im Internet- herzlich willkommen! M\u00f6chten Sie wissen, ob ein Urlaubsanspruch vererbbar ist? Was hat Mallorca mit dem Erbe zu tun? Was ist ein Ersatzerbe oder welche Folgen hat G\u00fctertrennung im Falle der Erbschaft?&nbsp; Dann sind Sie hiertgenau richtig. Hier im Erbrechtslexikon &hellip; <a href=\"http:\/\/erb-recht-lexikon.eu\/?page_id=38\" class=\"more-link\"><span class=\"screen-reader-text\">Publikationen zum Erbrecht im Internet<\/span> weiterlesen<\/a><\/p>\n","protected":false},"author":1,"featured_media":0,"parent":0,"menu_order":0,"comment_status":"closed","ping_status":"open","template":"","meta":[],"_links":{"self":[{"href":"http:\/\/erb-recht-lexikon.eu\/index.php?rest_route=\/wp\/v2\/pages\/38"}],"collection":[{"href":"http:\/\/erb-recht-lexikon.eu\/index.php?rest_route=\/wp\/v2\/pages"}],"about":[{"href":"http:\/\/erb-recht-lexikon.eu\/index.php?rest_route=\/wp\/v2\/types\/page"}],"author":[{"embeddable":true,"href":"http:\/\/erb-recht-lexikon.eu\/index.php?rest_route=\/wp\/v2\/users\/1"}],"replies":[{"embeddable":true,"href":"http:\/\/erb-recht-lexikon.eu\/index.php?rest_route=%2Fwp%2Fv2%2Fcomments&post=38"}],"version-history":[{"count":7,"href":"http:\/\/erb-recht-lexikon.eu\/index.php?rest_route=\/wp\/v2\/pages\/38\/revisions"}],"predecessor-version":[{"id":1167,"href":"http:\/\/erb-recht-lexikon.eu\/index.php?rest_route=\/wp\/v2\/pages\/38\/revisions\/1167"}],"wp:attachment":[{"href":"http:\/\/erb-recht-lexikon.eu\/index.php?rest_route=%2Fwp%2Fv2%2Fmedia&parent=38"}],"curies":[{"name":"wp","href":"https:\/\/api.w.org\/{rel}","templated":true}]}}