{"id":22,"date":"2014-07-02T13:39:22","date_gmt":"2014-07-02T13:39:22","guid":{"rendered":"http:\/\/erb-recht-lexikon.eu\/?page_id=22"},"modified":"2021-04-04T13:17:29","modified_gmt":"2021-04-04T13:17:29","slug":"unsere-autoren","status":"publish","type":"page","link":"http:\/\/erb-recht-lexikon.eu\/?page_id=22","title":{"rendered":"Unsere Autoren"},"content":{"rendered":"<div class=\"shariff\" data-title=\"Unsere Autoren\" data-info-url=\"http:\/\/ct.de\/-2467514\" data-backend-url=\"http:\/\/erb-recht-lexikon.eu\/wp-content\/plugins\/shariff-sharing\/backend\/index.php\" data-temp=\"\/tmp\" data-ttl=\"60\" data-service=\"gftr\" data-services='[\"googleplus\",\"facebook\",\"twitter\",\"reddit\",\"info\"]' data-image=\"\" data-url=\"http:\/\/erb-recht-lexikon.eu\/?page_id=22\" data-lang=\"de\" data-theme=\"colored\" data-orientation=\"horizontal\"><\/div><h2><strong>Rechtsanwalt J\u00fcrgen Rosa Notar a.D.<br \/>\n<\/strong><\/h2>\n<p>ist zugelassener Rechtsanwalt seit 1970. Er war drei Semester Lehrbeauftragter der Fachhochschule Wiesbaden und 10 Jahre Dozent an der Wirtschaftsakademie Frankfurt\/Main, Wiesbaden, Stuttgart und N\u00fcrnberg. Als junger Anwalt arbeitete Herr Rosa als Fachredakteur f\u00fcr den Gabler Verlag. 1980 erlangte er die Zulassung als Notar, die er bis 2007 mit Sitz in Bad Camberg aus\u00fcbte.<\/p>\n<p>Diese breit gef\u00e4cherten T\u00e4tigkeiten sprechen f\u00fcr seine ausgepr\u00e4gte Vielseitigkeit und Flexibilit\u00e4t, welche er auch als Rechtsanwalt und Jurist immer noch mit Erfolg an den Tag legt.<\/p>\n<p>Er ist Mitglied in der <a href=\"http:\/\/http:\/www.erbrecht-erbr.de\">Arbeitsgemeinschaft Erbrecht des DAV <\/a>und verf\u00fcgt \u00fcber Spezialerfahrung auf dem Gebiet des Erbrechts, des Gesellschaftsrechts, des Immobilienrechts.<\/p>\n<p>Weitere Informationen zu Herrn Rosa finden Sie auch unter <a href=\"http:\/\/www.anwalt-rosa.com\">www.anwalt-rosa.com.<\/a><\/p>\n<p><strong>\u00a0<\/strong><\/p>\n","protected":false},"excerpt":{"rendered":"<p>Rechtsanwalt J\u00fcrgen Rosa Notar a.D. ist zugelassener Rechtsanwalt seit 1970. Er war drei Semester Lehrbeauftragter der Fachhochschule Wiesbaden und 10 Jahre Dozent an der Wirtschaftsakademie Frankfurt\/Main, Wiesbaden, Stuttgart und N\u00fcrnberg. Als junger Anwalt arbeitete Herr Rosa als Fachredakteur f\u00fcr den Gabler Verlag. 1980 erlangte er die Zulassung als Notar, die er bis 2007 mit Sitz &hellip; <a href=\"http:\/\/erb-recht-lexikon.eu\/?page_id=22\" class=\"more-link\"><span class=\"screen-reader-text\">Unsere Autoren<\/span> weiterlesen<\/a><\/p>\n","protected":false},"author":1,"featured_media":0,"parent":2,"menu_order":2,"comment_status":"closed","ping_status":"closed","template":"","meta":[],"_links":{"self":[{"href":"http:\/\/erb-recht-lexikon.eu\/index.php?rest_route=\/wp\/v2\/pages\/22"}],"collection":[{"href":"http:\/\/erb-recht-lexikon.eu\/index.php?rest_route=\/wp\/v2\/pages"}],"about":[{"href":"http:\/\/erb-recht-lexikon.eu\/index.php?rest_route=\/wp\/v2\/types\/page"}],"author":[{"embeddable":true,"href":"http:\/\/erb-recht-lexikon.eu\/index.php?rest_route=\/wp\/v2\/users\/1"}],"replies":[{"embeddable":true,"href":"http:\/\/erb-recht-lexikon.eu\/index.php?rest_route=%2Fwp%2Fv2%2Fcomments&post=22"}],"version-history":[{"count":7,"href":"http:\/\/erb-recht-lexikon.eu\/index.php?rest_route=\/wp\/v2\/pages\/22\/revisions"}],"predecessor-version":[{"id":1162,"href":"http:\/\/erb-recht-lexikon.eu\/index.php?rest_route=\/wp\/v2\/pages\/22\/revisions\/1162"}],"up":[{"embeddable":true,"href":"http:\/\/erb-recht-lexikon.eu\/index.php?rest_route=\/wp\/v2\/pages\/2"}],"wp:attachment":[{"href":"http:\/\/erb-recht-lexikon.eu\/index.php?rest_route=%2Fwp%2Fv2%2Fmedia&parent=22"}],"curies":[{"name":"wp","href":"https:\/\/api.w.org\/{rel}","templated":true}]}}