{"id":2,"date":"2014-07-02T13:10:44","date_gmt":"2014-07-02T13:10:44","guid":{"rendered":"http:\/\/erb-recht-lexikon.eu\/?page_id=2"},"modified":"2021-04-04T13:16:56","modified_gmt":"2021-04-04T13:16:56","slug":"sample-page","status":"publish","type":"page","link":"http:\/\/erb-recht-lexikon.eu\/?page_id=2","title":{"rendered":"Lexikon A- Z"},"content":{"rendered":"<div class=\"shariff\" data-title=\"Lexikon A- Z\" data-info-url=\"http:\/\/ct.de\/-2467514\" data-backend-url=\"http:\/\/erb-recht-lexikon.eu\/wp-content\/plugins\/shariff-sharing\/backend\/index.php\" data-temp=\"\/tmp\" data-ttl=\"60\" data-service=\"gftr\" data-services='[\"googleplus\",\"facebook\",\"twitter\",\"reddit\",\"info\"]' data-image=\"\" data-url=\"http:\/\/erb-recht-lexikon.eu\/?page_id=2\" data-lang=\"de\" data-theme=\"colored\" data-orientation=\"horizontal\"><\/div><h1>A-Z<\/h1>\n<h3><strong>Das Lexikon A- Z finden Sie hier hier.&nbsp; Die Stichw\u00f6rter sind in den jeweiligen Unterseiten den entsprechenden Buchstaben zugeordnet.<br \/>\n<\/strong><\/h3>\n<p>&nbsp;<\/p>\n<h3><a title=\"A\" href=\"http:\/\/erb-recht-lexikon.eu\/?page_id=119\"><strong>Stichw\u00f6rter:<\/strong> <strong>A<\/strong> &#8211;<strong>Abhanden gekommenes Testamen<\/strong>t bis <\/a><strong><a title=\"A\" href=\"http:\/\/erb-recht-lexikon.eu\/?page_id=119\">Austattung finden Sie hier [Link bitte anklicken]. <\/a><br \/>\n<\/strong><\/h3>\n<h3><a title=\"B\" href=\"http:\/\/erb-recht-lexikon.eu\/?page_id=121\"><strong>Stichw\u00f6rter<\/strong>: B &#8211;<strong>Bankkonto bis <\/strong><\/a><strong><a title=\"B\" href=\"http:\/\/erb-recht-lexikon.eu\/?page_id=121\">Bruder finden Sie hier [Link bitte anklicken].<\/a><br \/>\n<\/strong><\/h3>\n<h3><strong>Stichw\u00f6rter<\/strong>: C -[noch nicht angelegt]<\/h3>\n<h3><a title=\"D\" href=\"http:\/\/erb-recht-lexikon.eu\/?page_id=124\"><strong>Stichw\u00f6rter<\/strong>: D-<strong>Darlehen bis <\/strong><strong>D\u00fcrftigkeitseinrede finden Sie hier [Link bitte anklicken]<\/strong><\/a><\/h3>\n<h3><a title=\"E\" href=\"http:\/\/erb-recht-lexikon.eu\/?page_id=126\"><strong>Stichw\u00f6rter<\/strong>: E-<strong>Ehe\u00e4hnliche Lebensgemeinschaft bis <\/strong><\/a><strong><a title=\"E\" href=\"http:\/\/erb-recht-lexikon.eu\/?page_id=126\">Ersatzerbe finden Sie hier [Link bitte anklicken]<\/a><br \/>\n<\/strong><\/h3>\n<h3><a title=\"F\" href=\"http:\/\/erb-recht-lexikon.eu\/?page_id=131\"><strong>Stichw\u00f6rter: F-<\/strong><strong>Firmenfortf\u00fchrung bis F<\/strong><\/a><strong><a title=\"F\" href=\"http:\/\/erb-recht-lexikon.eu\/?page_id=131\">reibetr\u00e4ge finden Sie hier [Link bitte anklicken]<\/a><br \/>\n<\/strong><\/h3>\n<h3><a title=\"G\" href=\"http:\/\/erb-recht-lexikon.eu\/?page_id=133\"><strong>Stichw\u00f6rter<\/strong>: G- <strong>Genossenschaft bis <\/strong><strong>G\u00fctertrennung finden Sie hier [Link bitte anklicken]<\/strong><\/a><\/h3>\n<h3><a title=\"H\" href=\"http:\/\/erb-recht-lexikon.eu\/?page_id=135\">Stichw\u00f6rter: H-<strong>Haftung bis Hund finden Sie hier [Link bitte anklicken]<\/strong><\/a><\/h3>\n<h3><a title=\"I\" href=\"http:\/\/erb-recht-lexikon.eu\/?page_id=137\">Stichw\u00f6rter: I-<strong>Inventar<\/strong> bis&nbsp;<strong>Inventarfrist<\/strong> <\/a><strong><a title=\"I\" href=\"http:\/\/erb-recht-lexikon.eu\/?page_id=137\">finden Sie hier [Link bitte anklicke<\/a>n]<\/strong><\/h3>\n<h3>Stichw\u00f6rter: J-[noch nicht angelegt]<\/h3>\n<h3><a title=\"K\" href=\"http:\/\/erb-recht-lexikon.eu\/?page_id=139\">Stichw\u00f6rter: K-<strong>Katze<\/strong> bis <strong>Kontovollmacht <\/strong>&nbsp;<strong>finden Sie hier [Link bitte anklicken]<\/strong><\/a><\/h3>\n<h3><a title=\"L\" href=\"http:\/\/erb-recht-lexikon.eu\/?page_id=141\">Stichw\u00f6rter: L-<strong>Lebensgef\u00e4hrte<\/strong> bis <strong>Leichnam<\/strong> <strong>finden Sie hier [Link bitte anklicken]<\/strong><\/a><\/h3>\n<h3><a title=\"M\" href=\"http:\/\/erb-recht-lexikon.eu\/?page_id=143\">Stichw\u00f6rter: M-<strong>Mallorca<\/strong> bis <strong>Miterbenanteil<\/strong> <\/a><strong><a title=\"M\" href=\"http:\/\/erb-recht-lexikon.eu\/?page_id=143\">finden Sie hier [Link bitte anklicken<\/a>]<\/strong><\/h3>\n<h3><a title=\"N\" href=\"http:\/\/erb-recht-lexikon.eu\/?page_id=145\">Stichw\u00f6rter: N-<strong>Nacherbe<\/strong> bis Nottestament <strong>finden Sie hier [Link bitte anklicken]<\/strong><\/a><\/h3>\n<h3><a title=\"O\" href=\"http:\/\/erb-recht-lexikon.eu\/?page_id=147\">Stichw\u00f6rter: O-<strong>Offene Handelsgesellschaft (OHG)<\/strong> bis <strong>\u00d6ffentliche Testamente <\/strong><strong>finden Sie hier [Link bitte anklicken]<\/strong><\/a><\/h3>\n<h3><a title=\"P\" href=\"http:\/\/erb-recht-lexikon.eu\/?page_id=149\">Stichw\u00f6rter: P-<strong>Patientenverf\u00fcgung<\/strong> bis Prozesskosten <strong>finden Sie hier [Link bitte anklicken]<\/strong><\/a><\/h3>\n<h3>Stichw\u00f6rter: Q-[noch nicht angelegt]<\/h3>\n<h3><a title=\"R\" href=\"http:\/\/erb-recht-lexikon.eu\/?page_id=151\">Stichw\u00f6rter: R-<strong>Recht am eigenen Bild <\/strong><strong>finden Sie hier [Link bitte anklicken]<\/strong><\/a><\/h3>\n<h3><a title=\"S\" href=\"http:\/\/erb-recht-lexikon.eu\/?page_id=153\">Stichw\u00f6rter: S-<strong>Schadenersatzanspr\u00fcche bis <\/strong><strong>Strafklausel<\/strong> <strong>finden Sie hier [Link bitte anklicken]<\/strong><\/a><\/h3>\n<h3><a title=\"T\" href=\"http:\/\/erb-recht-lexikon.eu\/?page_id=155\">Stichw\u00f6rter: T-<strong>Teileigentum<\/strong> bis&nbsp;<strong>Totenf\u00fcrsorge <\/strong> <strong>finden Sie hier [Link bitte anklicken]<\/strong><\/a><\/h3>\n<h3><a title=\"U\" href=\"http:\/\/erb-recht-lexikon.eu\/?page_id=157\">Stichw\u00f6rter: U-<strong>Umbettung<\/strong> bis&nbsp;<strong>Urlaubsanspruch<\/strong> <\/a><strong><a title=\"U\" href=\"http:\/\/erb-recht-lexikon.eu\/?page_id=157\">finden Sie hier [Link bitte anklicken<\/a>]<\/strong><\/h3>\n<h3><a title=\"V\" href=\"http:\/\/erb-recht-lexikon.eu\/?page_id=159\">Stichw\u00f6rter: V-<strong>Vereinsmitgliedschaft bis&nbsp;Vorsorgevollmacht <\/strong><strong>finden Sie hier [Link bitte anklicken]<\/strong><\/a><\/h3>\n<h3><a title=\"W\" href=\"http:\/\/erb-recht-lexikon.eu\/?page_id=161\">Stichw\u00f6rter: W- <strong>Wiederverheiratungsklauseln bis&nbsp;Wohnungsrecht <\/strong> <strong>finden Sie hier [Link bitte anklicken]<\/strong><\/a><\/h3>\n<h3>Stichw\u00f6rter: X- -noch nicht angelegt]<\/h3>\n<h3>Stichw\u00f6rter: Y&#8211;noch nicht angelegt]<\/h3>\n<h3><a title=\"Z\" href=\"http:\/\/erb-recht-lexikon.eu\/?page_id=163\">Stichw\u00f6rter: Z-<strong>Zehnjahresfrist<\/strong> bis <strong>finden Sie hier <\/strong><strong>Zwangsvollstreckung <\/strong><strong>[Link bitte anklicken]<\/strong>.<\/a><\/h3>\n<h3><\/h3>\n","protected":false},"excerpt":{"rendered":"<p>A-Z Das Lexikon A- Z finden Sie hier hier.&nbsp; Die Stichw\u00f6rter sind in den jeweiligen Unterseiten den entsprechenden Buchstaben zugeordnet. &nbsp; Stichw\u00f6rter: A &#8211;Abhanden gekommenes Testament bis Austattung finden Sie hier [Link bitte anklicken]. Stichw\u00f6rter: B &#8211;Bankkonto bis Bruder finden Sie hier [Link bitte anklicken]. Stichw\u00f6rter: C -[noch nicht angelegt] Stichw\u00f6rter: D-Darlehen bis D\u00fcrftigkeitseinrede finden &hellip; <a href=\"http:\/\/erb-recht-lexikon.eu\/?page_id=2\" class=\"more-link\"><span class=\"screen-reader-text\">Lexikon A- Z<\/span> weiterlesen<\/a><\/p>\n","protected":false},"author":1,"featured_media":0,"parent":0,"menu_order":0,"comment_status":"closed","ping_status":"open","template":"","meta":[],"_links":{"self":[{"href":"http:\/\/erb-recht-lexikon.eu\/index.php?rest_route=\/wp\/v2\/pages\/2"}],"collection":[{"href":"http:\/\/erb-recht-lexikon.eu\/index.php?rest_route=\/wp\/v2\/pages"}],"about":[{"href":"http:\/\/erb-recht-lexikon.eu\/index.php?rest_route=\/wp\/v2\/types\/page"}],"author":[{"embeddable":true,"href":"http:\/\/erb-recht-lexikon.eu\/index.php?rest_route=\/wp\/v2\/users\/1"}],"replies":[{"embeddable":true,"href":"http:\/\/erb-recht-lexikon.eu\/index.php?rest_route=%2Fwp%2Fv2%2Fcomments&post=2"}],"version-history":[{"count":12,"href":"http:\/\/erb-recht-lexikon.eu\/index.php?rest_route=\/wp\/v2\/pages\/2\/revisions"}],"predecessor-version":[{"id":1161,"href":"http:\/\/erb-recht-lexikon.eu\/index.php?rest_route=\/wp\/v2\/pages\/2\/revisions\/1161"}],"wp:attachment":[{"href":"http:\/\/erb-recht-lexikon.eu\/index.php?rest_route=%2Fwp%2Fv2%2Fmedia&parent=2"}],"curies":[{"name":"wp","href":"https:\/\/api.w.org\/{rel}","templated":true}]}}