{"id":143,"date":"2014-10-01T14:29:05","date_gmt":"2014-10-01T14:29:05","guid":{"rendered":"http:\/\/erb-recht-lexikon.eu\/?page_id=143"},"modified":"2021-04-04T13:17:44","modified_gmt":"2021-04-04T13:17:44","slug":"m","status":"publish","type":"page","link":"http:\/\/erb-recht-lexikon.eu\/?page_id=143","title":{"rendered":"M"},"content":{"rendered":"<div class=\"shariff\" data-title=\"M\" data-info-url=\"http:\/\/ct.de\/-2467514\" data-backend-url=\"http:\/\/erb-recht-lexikon.eu\/wp-content\/plugins\/shariff-sharing\/backend\/index.php\" data-temp=\"\/tmp\" data-ttl=\"60\" data-service=\"gftr\" data-services='[\"googleplus\",\"facebook\",\"twitter\",\"reddit\",\"info\"]' data-image=\"\" data-url=\"http:\/\/erb-recht-lexikon.eu\/?page_id=143\" data-lang=\"de\" data-theme=\"colored\" data-orientation=\"horizontal\"><\/div><h1>Miete bis Miterbenanteil<\/h1>\n<p><strong>Miete<\/strong><\/p>\n<ol>\n<li>Der Tod des Vermieters l\u00e4sst das Vertragsverh\u00e4ltnis unber\u00fchrt. Die Erben treten auf Vermieterseite in den Vertrag ein. Der Mieter erh\u00e4lt also lediglich einen neuen Ansprechpartner.<\/li>\n<li>Tod des Mieters (1) Bei Gesch\u00e4ftsraummietvertrag: Stirbt der Mieter, so ist sowohl der Erbe also auch der Vermieter berechtigt, das Vertragsverh\u00e4ltnis innerhalb eines Monats seit Kenntnis des Todes das Vertragsverh\u00e4ltnis au\u00dferordentlich zu k\u00fcndigen (<a href=\"http:\/\/dejure.org\/gesetze\/BGB\/580.html\" title=\"&sect; 580 BGB: Au&szlig;erordentliche K&uuml;ndigung bei Tod des Mieters\">\u00a7 580 BGB<\/a>). In vielen Mietvertr\u00e4gen wird jedoch diese K\u00fcndigungsm\u00f6glichkeit ausgeschlossen, um den Erben die M\u00f6glichkeit zu erhalten, das ererbte Gesch\u00e4ft in den Mietr\u00e4umen weiter zu betreiben. (2) Wohnraum: Hatte der Verstorbene zusammen mit einem anderen, beispielsweise Ehegatten oder Lebenspartner, die Wohnung angemietet, wird das Mietverh\u00e4ltnis gem\u00e4\u00df <a href=\"http:\/\/dejure.org\/gesetze\/BGB\/563a.html\" title=\"&sect; 563a BGB: Fortsetzung mit &uuml;berlebenden Mietern\">\u00a7 563 a BGB<\/a> mit dem \u00fcberlebenden Mieter fortgesetzt. War der Verstorbene Alleinmieter, so treten die in <a href=\"http:\/\/dejure.org\/gesetze\/BGB\/563.html\" title=\"&sect; 563 BGB: Eintrittsrecht bei Tod des Mieters\">\u00a7 563 BGB<\/a> aufgef\u00fchrten Personen, mit denen der verstorbene Mieter einen gemeinsamen Haushalt gef\u00fchrt hat, in das Mietverh\u00e4ltnis ein. Diese haben jedoch nach dem Gesetz die M\u00f6glichkeit, dem Vermieter innerhalb einer Monatsfrist seit Kenntnis des Erbfalls mitzuteilen, dass sie das Mietverh\u00e4ltnis nicht fortsetzen wollen. Tritt niemand in das Mietverh\u00e4ltnis ein, wird dieses zun\u00e4chst mit den Erben mit der Ma\u00dfgabe fortgesetzt, dass sowohl der Erbe also auch der Vermieter berechtigt sind, das Mietverh\u00e4ltnis au\u00dferordentlich unter Einhaltung der gesetzlichen Fristen zu k\u00fcndigen. Das Eintrittsrecht ist wie folgt gestaltet: \u2013 Der Ehegatte, der mit dem Mieter einen gemeinsamen Haushalt gef\u00fchrt hat, tritt allein ein. Auch dem Lebenspartner wird ein Eintrittsrecht zugewiesen, wenn er mit dem Verstorbenen einen gemeinsamen Haushalt gef\u00fchrt hatte. Auch die Kinder, die mit dem Mieter zusammen im Haushalt gelebt haben, treten ebenfalls in das Mietverh\u00e4ltnis ein. Hatte der Mieter mit anderen Familienangeh\u00f6rigen, z.B. Bruder oder Schwager einen gemeinsamen Haushalt gelebt, wird auch diesen ein Eintrittsrecht zugewiesen, wie schlie\u00dflich auch anderen Personen, die im Haushalt des Verstorbenen gelebt haben. Einzelheiten ergeben sich aus <a href=\"http:\/\/dejure.org\/gesetze\/BGB\/563.html\" title=\"&sect; 563 BGB: Eintrittsrecht bei Tod des Mieters\">\u00a7 563 BGB<\/a>.<\/li>\n<\/ol>\n<p><strong>Minderj\u00e4hriger im Erbrecht <\/strong><\/p>\n<ol>\n<li>Testierf\u00e4higkeit: Wer nicht das 16. Lebensjahr vollendet hat, kann wirksam letztwillig nicht verf\u00fcgen (<a href=\"http:\/\/dejure.org\/gesetze\/BGB\/2229.html\" title=\"&sect; 2229 BGB: Testierf&auml;higkeit Minderj&auml;hriger, Testierunf&auml;higkeit\">\u00a7 2229 BGB<\/a>). Wer zwar das 16. Lebensjahr, aber das 18. Lebensjahr noch nicht vollendet hat, kann nur&nbsp;? ein \u00f6ffentliches Testament (z. B. notarielles) errichten. Eine Zustimmung des gesetzlichen Vertreters ist nicht erforderlich.<\/li>\n<li>Der Minderj\u00e4hrige als Erbe (1) Erbt der Minderj\u00e4hrige mehr als 15.000 \u20ac, sind die Eltern verpflichtet, ein Verm\u00f6gensverzeichnis anzufertigen und den Vormundschaftsgericht einzureichen (<a href=\"http:\/\/dejure.org\/gesetze\/BGB\/1639.html\" title=\"&sect; 1639 BGB: Anordnungen des Erblassers oder Zuwendenden\">\u00a7 1639 BGB<\/a>). (2) Verwaltung des Erbes . Der Erblasser kann durch letztwillige Verf\u00fcgung die Verwaltung des dem Minderj\u00e4hrigen zuflie\u00dfenden Nachlassverm\u00f6gens den Eltern entziehen und einem Dritten \u00fcbertragen. Auch bei Anordnung einer Dauerverwaltung durch einen Testamentsvollstrecker ist die Verwaltung des Nachlassverm\u00f6gens den Eltern oder sonstigen gesetzlichen Vertretern entzogen. (3) Pflichtteilsanspr\u00fcche: Verj\u00e4hrung: Die 3-j\u00e4hrige Verj\u00e4hrungsfrist ist w\u00e4hrend der Dauer der Minderj\u00e4hrigkeit gehemmt (<a href=\"http:\/\/dejure.org\/gesetze\/BGB\/207.html\" title=\"&sect; 207 BGB: Hemmung der Verj&auml;hrung aus famili&auml;ren und &auml;hnlichen Gr&uuml;nden\">\u00a7 207 BGB<\/a>). Der Minderj\u00e4hrige kann also nach Eintritt der Vollj\u00e4hrigkeit entscheiden, ob er gegen\u00fcber seiner Mutter den Pflichtteil hinter dem Nachlass seines verstorbenen Vaters geltend machen will.<\/li>\n<li>Zum Pflichtteilsverzicht bed\u00fcrfen die gesetzlichen Vertreter der familiengerichtlichen Genehmigung. (4) Ausschlagung. Die Ausschlagung einer Erbschaft durch die gesetzlichen Vertreter (z.B. Eltern) bedarf der familiengerichtlichen Genehmigung. Diese ist allerdings dann nicht erforderlich, wenn der Minderj\u00e4hrige erst dadurch Erbe geworden ist, dass bspw. sein Vater oder seine Mutter zuvor die Erbschaft ausgeschlagen hatten und er an ihre Stelle getreten ist (<a href=\"http:\/\/dejure.org\/gesetze\/BGB\/1642.html\" title=\"&sect; 1642 BGB: Anlegung von Geld\">\u00a7 1642 Abs. 2 BGB<\/a>). &nbsp; Beispiel: Der Vater des minderj\u00e4hrigen Kindes schl\u00e4gt wegen \u00dcberschuldung des Nachlasses seines Vaters die Erbschaft aus. Durch seine Ausschlagung wird sein minderj\u00e4hriger Sohn anstelle des Vaters Erbe hinter dem Gro\u00dfvater. Die Eltern m\u00fcssen also, falls ihr Kind nicht f\u00fcr die Schulden des Gro\u00dfvaters haften soll, als gesetzliche Vertreter die Erbschaft ausschlagen. In diesem Fall bedarf also die Ausschlagung durch die Eltern keiner vormundschaftsgerichtlicher Genehmigung.<\/li>\n<\/ol>\n<p><strong>Miterbe <\/strong>bildet bis zur Erbauseinandersetzung mit den anderen Miterben die&nbsp;? Erbengemeinschaft. Die Miterben haften f\u00fcr gemeinschaftliche&nbsp;? Nachlassverbindlichkeiten als&nbsp;? Gesamtschuldner. Vgl. auch&nbsp;? Miterbenanteil.<\/p>\n<p><strong>Miterbenanteil<\/strong> ist \u00fcbertragbar. Der Vertrag, mit der der Miterbe \u00fcber seinen Anteil verf\u00fcgt, bedarf der notariellen Beurkundung (<a href=\"http:\/\/dejure.org\/gesetze\/BGB\/2033.html\" title=\"&sect; 2033 BGB: Verf&uuml;gungsrecht des Miterben\">\u00a7 2033 BGB<\/a>). Der Miterbe kann seinen Anteil z.B. seinen Kindern schenken oder aber einem Dritten verkaufen. Wird der Miterbenanteil verkauft, steht den \u00fcbrigen Miterben kraft Gesetzes ein Vorkaufsrecht zu (<a href=\"http:\/\/dejure.org\/gesetze\/BGB\/2034.html\" title=\"&sect; 2034 BGB: Vorkaufsrecht gegen&uuml;ber dem Verk&auml;ufer\">\u00a7 2034 BGB<\/a>). Der Miterbenanteil ist pf\u00e4ndbar (<a href=\"http:\/\/dejure.org\/gesetze\/ZPO\/859.html\" title=\"&sect; 859 ZPO: Pf&auml;ndung von Gesamthandanteilen\">\u00a7 859 (2) ZPO<\/a>).<\/p>\n","protected":false},"excerpt":{"rendered":"<p>Miete bis Miterbenanteil Miete Der Tod des Vermieters l\u00e4sst das Vertragsverh\u00e4ltnis unber\u00fchrt. Die Erben treten auf Vermieterseite in den Vertrag ein. Der Mieter erh\u00e4lt also lediglich einen neuen Ansprechpartner. Tod des Mieters (1) Bei Gesch\u00e4ftsraummietvertrag: Stirbt der Mieter, so ist sowohl der Erbe also auch der Vermieter berechtigt, das Vertragsverh\u00e4ltnis innerhalb eines Monats seit Kenntnis &hellip; <a href=\"http:\/\/erb-recht-lexikon.eu\/?page_id=143\" class=\"more-link\"><span class=\"screen-reader-text\">M<\/span> weiterlesen<\/a><\/p>\n","protected":false},"author":1,"featured_media":0,"parent":0,"menu_order":0,"comment_status":"closed","ping_status":"open","template":"","meta":[],"_links":{"self":[{"href":"http:\/\/erb-recht-lexikon.eu\/index.php?rest_route=\/wp\/v2\/pages\/143"}],"collection":[{"href":"http:\/\/erb-recht-lexikon.eu\/index.php?rest_route=\/wp\/v2\/pages"}],"about":[{"href":"http:\/\/erb-recht-lexikon.eu\/index.php?rest_route=\/wp\/v2\/types\/page"}],"author":[{"embeddable":true,"href":"http:\/\/erb-recht-lexikon.eu\/index.php?rest_route=\/wp\/v2\/users\/1"}],"replies":[{"embeddable":true,"href":"http:\/\/erb-recht-lexikon.eu\/index.php?rest_route=%2Fwp%2Fv2%2Fcomments&post=143"}],"version-history":[{"count":5,"href":"http:\/\/erb-recht-lexikon.eu\/index.php?rest_route=\/wp\/v2\/pages\/143\/revisions"}],"predecessor-version":[{"id":1163,"href":"http:\/\/erb-recht-lexikon.eu\/index.php?rest_route=\/wp\/v2\/pages\/143\/revisions\/1163"}],"wp:attachment":[{"href":"http:\/\/erb-recht-lexikon.eu\/index.php?rest_route=%2Fwp%2Fv2%2Fmedia&parent=143"}],"curies":[{"name":"wp","href":"https:\/\/api.w.org\/{rel}","templated":true}]}}